{"id":6789,"date":"2025-03-01T05:00:44","date_gmt":"2025-03-01T04:00:44","guid":{"rendered":"http:\/\/develop.teammuenchen.de\/?page_id=6789"},"modified":"2026-02-10T12:26:12","modified_gmt":"2026-02-10T11:26:12","slug":"contact","status":"publish","type":"page","link":"http:\/\/develop.teammuenchen.de\/en\/kontakt\/","title":{"rendered":"Contact"},"content":{"rendered":"\n<div class=\"wp-block-group alignwide wp-elements-b1adfcebd0f39e93cc0a623604af3ce8 has-global-padding is-layout-constrained wp-container-core-group-is-layout-b20e84b2 wp-block-group-is-layout-constrained\" style=\"padding-top:60px;padding-right:20px;padding-bottom:60px;padding-left:20px\">\n<div class=\"wp-block-columns alignwide are-vertically-aligned-top notranslation is-layout-flex wp-container-core-columns-is-layout-ed0e9813 wp-block-columns-is-layout-flex\">\n<div class=\"wp-block-column is-layout-flow wp-container-core-column-is-layout-343acf9e wp-block-column-is-layout-flow\" style=\"flex-basis:58%\">\n<div class=\"wp-block-group alignwide has-global-padding is-layout-constrained wp-block-group-is-layout-constrained\">\n<div class=\"wp-block-group alignwide is-vertical is-layout-flex wp-container-core-group-is-layout-9fdee72c wp-block-group-is-layout-flex\" style=\"padding-top:20px;padding-bottom:20px\">\n<h1 class=\"wp-block-heading alignwide has-text-align-left\">Kontakt<\/h1>\n<\/div>\n\n\n\n<div class=\"wp-block-group alignwide has-global-padding is-content-justification-left is-layout-constrained wp-container-core-group-is-layout-12dd3699 wp-block-group-is-layout-constrained\">\n<p>Du hast Fragen an uns oder irgendwelche Anmerkungen? Du bist mit etwas nicht zufrieden oder hast andere Kritik? Oder m\u00f6chtest du einfach nur mal Hallo sagen? Dann melde dich gern bei uns.<\/p>\n\n\n<style id=\"fluentform-block-custom-styles-3\">.fluentform.fluentform_wrapper_3.ff_guten_block.ff_guten_block-3 .ff-el-input--label label { font-size: 16px; font-weight: 400; }\n.fluentform.fluentform_wrapper_3.ff_guten_block.ff_guten_block-3 .ff-el-form-control, .fluentform.fluentform_wrapper_3.ff_guten_block.ff_guten_block-3 .ff-el-input--content input, .fluentform.fluentform_wrapper_3.ff_guten_block.ff_guten_block-3 .ff-el-input--content textarea, .fluentform.fluentform_wrapper_3.ff_guten_block.ff_guten_block-3 .ff-el-input--content select { padding-top: 10px; padding-right: 20px; padding-bottom: 10px; padding-left: 20px; }\n.fluentform.fluentform_wrapper_3.ff_guten_block.ff_guten_block-3 .ff-el-form-control, .fluentform.fluentform_wrapper_3.ff_guten_block.ff_guten_block-3 .ff-el-input--content input, .fluentform.fluentform_wrapper_3.ff_guten_block.ff_guten_block-3 .ff-el-input--content textarea, .fluentform.fluentform_wrapper_3.ff_guten_block.ff_guten_block-3 .ff-el-input--content select { color: #69696e; background-color: #f7f7fa; font-size: 16px; font-weight: 400; }\n.fluentform.fluentform_wrapper_3.ff_guten_block.ff_guten_block-3 .ff-el-form-control, .fluentform.fluentform_wrapper_3.ff_guten_block.ff_guten_block-3 .ff-el-input--content input, .fluentform.fluentform_wrapper_3.ff_guten_block.ff_guten_block-3 .ff-el-input--content textarea, .fluentform.fluentform_wrapper_3.ff_guten_block.ff_guten_block-3 .ff-el-input--content select { border-style: solid; border-color: #ffffff00; border-width: 0px; border-radius: 5px; }\n.fluentform.fluentform_wrapper_3.ff_guten_block.ff_guten_block-3 .ff-el-input--content input::placeholder, .fluentform.fluentform_wrapper_3.ff_guten_block.ff_guten_block-3 .ff-el-input--content textarea::placeholder { color: #91919680; }\n.fluentform.fluentform_wrapper_3.ff_guten_block.ff_guten_block-3 .ff-el-input--content input::placeholder, .fluentform.fluentform_wrapper_3.ff_guten_block.ff_guten_block-3 .ff-el-input--content textarea::placeholder { font-weight: 400; }\n.fluentform.fluentform_wrapper_3.ff_guten_block.ff_guten_block-3 .ff_submit_btn_wrapper .ff-btn-submit { padding-top: 10px; padding-right: 20px; padding-bottom: 10px; padding-left: 20px; }\n.fluentform.fluentform_wrapper_3.ff_guten_block.ff_guten_block-3 .ff_submit_btn_wrapper .ff-btn-submit { color: #ffffff; background-color: #ff7832; font-size: 16px; font-weight: 500; }\n.fluentform.fluentform_wrapper_3.ff_guten_block.ff_guten_block-3 .ff_submit_btn_wrapper .ff-btn-submit { border-style: solid; border-color: #dddddd; border-width: 0px; border-radius: 5px; }\n.fluentform.fluentform_wrapper_3.ff_guten_block.ff_guten_block-3 .ff_submit_btn_wrapper .ff-btn-submit:hover { color: #ffffff; background-color: #919196; }\n.fluentform.fluentform_wrapper_3.ff_guten_block.ff_guten_block-3 .ff-el-form-check label { color: #919196; font-size: 16px;; }\n.fluentform.fluentform_wrapper_3.ff_guten_block.ff_guten_block-3 .asterisk-right label:after, .fluentform.fluentform_wrapper_3.ff_guten_block.ff_guten_block-3 .asterisk-left label:before { color: #ff000000; }\n<\/style><div class='fluentform ff-inherit-theme-style fluentform_wrapper_3  ff_guten_block ff_guten_block-3'><form data-form_id=\"3\" id=\"fluentform_3\" class=\"frm-fluent-form fluent_form_3 ff-el-form-top ff_form_instance_3_1 ff-form-loading ffs_inherit_theme\" data-form_instance=\"ff_form_instance_3_1\" method=\"POST\" data-turnstile_key=\"0x4AAAAAACC7kGAk0f01ab1j\" ><fieldset  style=\"border: none!important;margin: 0!important;padding: 0!important;background-color: transparent!important;box-shadow: none!important;outline: none!important; min-inline-size: 100%;\">\n                    <legend class=\"ff_screen_reader_title\" style=\"display: block; margin: 0!important;padding: 0!important;height: 0!important;text-indent: -999999px;width: 0!important;overflow:hidden;\">Kontakt E-Mail<\/legend><input type='hidden' name='__fluent_form_embded_post_id' value='6789' \/><input type=\"hidden\" id=\"_fluentform_3_fluentformnonce\" name=\"_fluentform_3_fluentformnonce\" value=\"40326d16bc\" \/><input type=\"hidden\" name=\"_wp_http_referer\" value=\"\/en\/wp-json\/wp\/v2\/pages\/6789\" \/><div data-type=\"name-element\" data-name=\"names\" class=\" ff-field_container ff-name-field-wrapper\" ><div class='ff-t-container'><div class='ff-t-cell '><div class='ff-el-group  ff-el-form-hide_label'><div class=\"ff-el-input--label ff-el-is-required asterisk-right\"><label for='ff_3_names_first_name_' id='label_ff_3_names_first_name_' >Vorname<\/label><\/div><div class='ff-el-input--content'><input type=\"text\" name=\"names[first_name]\" id=\"ff_3_names_first_name_\" class=\"ff-el-form-control\" placeholder=\"Vorname\" aria-invalid=\"false\" aria-required=true><\/div><\/div><\/div><div class='ff-t-cell '><div class='ff-el-group  ff-el-form-hide_label'><div class=\"ff-el-input--label ff-el-is-required asterisk-right\"><label for='ff_3_names_last_name_' id='label_ff_3_names_last_name_' >Nachname<\/label><\/div><div class='ff-el-input--content'><input type=\"text\" name=\"names[last_name]\" id=\"ff_3_names_last_name_\" class=\"ff-el-form-control\" placeholder=\"Nachname\" aria-invalid=\"false\" aria-required=true><\/div><\/div><\/div><\/div><\/div><div class='ff-el-group ff-el-form-hide_label'><div class=\"ff-el-input--label ff-el-is-required asterisk-right\"><label for='ff_3_email' id='label_ff_3_email' aria-label=\"E-Mail-Adresse\">E-Mail-Adresse<\/label><\/div><div class='ff-el-input--content'><input type=\"email\" name=\"email\" class=\"ff-el-form-control\" id=\"ff_3_email\" placeholder=\"E-Mail-Adresse\" data-name=\"email\"  aria-invalid=\"false\" aria-required=true><\/div><\/div><div class='ff-el-group ff-el-form-hide_label'><div class=\"ff-el-input--label asterisk-right\"><label for='ff_3_message' id='label_ff_3_message' aria-label=\"Deine Nachricht\">Deine Nachricht<\/label><\/div><div class='ff-el-input--content'><textarea aria-required=\"false\" aria-labelledby=\"label_ff_3_message\" name=\"message\" class=\"ff-el-form-control\" id=\"ff_3_message\" placeholder=\"Deine Nachricht an uns\" cols=\"2\" maxlength=\"1000\" data-name=\"message\" ><\/textarea><\/div><\/div><div class='ff-el-group ff-el-form-hide_label'><div class=\"ff-el-input--label ff-el-is-required asterisk-right\"><label   aria-label=\"Datenschutz\">Datenschutz<\/label><\/div><div class='ff-el-input--content'><div class='ff-el-form-check ff-el-form-check-'><label class='ff-el-form-check-label' for='privacy_ed3c7e59009867a7a32652de2755666e'><input  type=\"checkbox\" name=\"privacy[]\" data-name=\"privacy\" class=\"ff-el-form-check-input ff-el-form-check-checkbox\" value=\"akzeptiert\"  id='privacy_ed3c7e59009867a7a32652de2755666e' aria-label='Ich kenne die Datenschutzvereinbarung und bin mit der Speicherung meiner Daten einverstanden.' aria-invalid='false' aria-required=true> <span>Ich kenne die Datenschutzvereinbarung und bin mit der Speicherung meiner Daten einverstanden.<\/span><\/label><\/div><\/div><\/div><div class='ff-el-group ff-text-left ff_submit_btn_wrapper ff_submit_btn_wrapper_custom'><button class=\"ff-btn ff-btn-submit ff-btn-md ff_btn_style\" type=\"submit\" name=\"custom_submit_button-3_1\" data-name=\"custom_submit_button-3_1\"  aria-label=\"Absenden\">Absenden<\/button><style>form.fluent_form_3 .ff-btn-submit { background-color: #1a7efb; color: #ffffff; }<\/style><\/div><div class='ff-el-group ' style='margin-bottom: 0;'><div class='ff-el-input--content'><div data-fluent_id='3' name='cf-turnstile-response'><div\n\t\tdata-sitekey='0x4AAAAAACC7kGAk0f01ab1j'\n\t\tdata-theme='auto'\n\t\tid='fluentform-turnstile-3-1'\n\t\tclass='ff-el-turnstile cf-turnstile'\n\t\tdata-appearance='interaction-only'><\/div><\/div><\/div><\/div><\/fieldset><\/form><div id='fluentform_3_errors' class='ff-errors-in-stack ff_form_instance_3_1 ff-form-loading_errors ff_form_instance_3_1_errors'><\/div><\/div>            <script type=\"text\/javascript\">\n                window.fluent_form_ff_form_instance_3_1 = {\"id\":\"3\",\"settings\":{\"layout\":{\"labelPlacement\":\"top\",\"asteriskPlacement\":\"asterisk-right\",\"helpMessagePlacement\":\"with_label\",\"errorMessagePlacement\":\"inline\",\"cssClassName\":\"\"},\"restrictions\":{\"denyEmptySubmission\":{\"enabled\":false}}},\"form_instance\":\"ff_form_instance_3_1\",\"form_id_selector\":\"fluentform_3\",\"rules\":{\"names[first_name]\":{\"required\":{\"value\":true,\"message\":\"Dieses Feld ist erforderlich\",\"global\":false,\"global_message\":\"Dieses Feld ist erforderlich\"}},\"names[]\":{\"required\":{\"value\":false,\"message\":\"Dieses Feld ist erforderlich\",\"global\":false,\"global_message\":\"Dieses Feld ist erforderlich\"}},\"names[last_name]\":{\"required\":{\"value\":true,\"message\":\"Dieses Feld ist erforderlich\",\"global\":false,\"global_message\":\"Dieses Feld ist erforderlich\"}},\"email\":{\"required\":{\"value\":true,\"message\":\"This field is required\",\"global\":false,\"global_message\":\"Dieses Feld ist erforderlich\"},\"email\":{\"value\":1,\"message\":\"This field must contain a valid email\",\"global\":false,\"global_message\":\"Dieses Feld muss eine g\\u00fcltige E-Mail-Adresse enthalten\"}},\"message\":{\"required\":{\"value\":false,\"message\":\"This field is required\",\"global\":false,\"global_message\":\"Dieses Feld ist erforderlich\"}},\"privacy\":{\"required\":{\"value\":true,\"message\":\"Dieses Feld ist erforderlich\",\"global_message\":\"Dieses Feld ist erforderlich\",\"global\":true}},\"cf-turnstile-response\":[]},\"debounce_time\":300};\n                            <\/script>\n            <\/div>\n<\/div>\n<\/div>\n\n\n\n<div class=\"wp-block-column is-vertically-aligned-top is-layout-flow wp-container-core-column-is-layout-343acf9e wp-block-column-is-layout-flow\" style=\"flex-basis:42%\">\n<div style=\"height:95px\" aria-hidden=\"true\" class=\"wp-block-spacer\"><\/div>\n\n\n\n<div class=\"wp-block-group alignwide has-base-color has-accent-background-color has-text-color has-background has-link-color wp-elements-84dd962f3f71b4f7041a11fa344cb0e6 has-global-padding is-layout-constrained wp-container-core-group-is-layout-38286a3e wp-block-group-is-layout-constrained\" style=\"border-radius:8px;padding-top:30px;padding-right:30px;padding-bottom:30px;padding-left:30px\">\n<div class=\"wp-block-group is-vertical is-layout-flex wp-container-core-group-is-layout-fe9cc265 wp-block-group-is-layout-flex\">\n<h2 class=\"wp-block-heading has-medium-font-size\">E-Mail-Adresse<\/h2>\n\n\n\n<p class=\"has-medium-font-size\"><a href=\"mailto:info@teammuenchen.de\">info@teammuenchen.de<\/a><\/p>\n<\/div>\n\n\n\n<div class=\"wp-block-group is-vertical is-layout-flex wp-container-core-group-is-layout-fe9cc265 wp-block-group-is-layout-flex\">\n<h2 class=\"wp-block-heading has-medium-font-size\">Postanschrift<\/h2>\n\n\n\n<p class=\"has-medium-font-size\">Team M\u00fcnchen e.V.<br>Blumenstra\u00dfe 11<br>80331 M\u00fcnchen<\/p>\n<\/div>\n\n\n\n<div class=\"wp-block-group is-vertical is-layout-flex wp-container-core-group-is-layout-fe9cc265 wp-block-group-is-layout-flex\">\n<h2 class=\"wp-block-heading has-medium-font-size\">Pers\u00f6nliche Sprechzeiten<\/h2>\n\n\n\n<p class=\"has-medium-font-size\">W\u00e4hrend des monatlichen Thekendienst im LeZ<\/p>\n\n\n\n\n\n<p class=\"has-medium-font-size\">LeZ &#8211; lesbisch-queeres Zentrum<br>M\u00fcllerstra\u00dfe 26<br>80331 M\u00fcnchen<\/p>\n<\/div>\n<\/div>\n\n\n\n<div class=\"wp-block-group alignwide has-border-color has-accent-border-color has-link-color wp-elements-7eaab03b9245705cd280317f1b97ab39 has-global-padding is-layout-constrained wp-container-core-group-is-layout-38286a3e wp-block-group-is-layout-constrained\" style=\"border-radius:8px;padding-top:30px;padding-right:30px;padding-bottom:30px;padding-left:30px\">\n<div class=\"wp-block-group has-global-padding is-layout-constrained wp-block-group-is-layout-constrained\">\n<h2 class=\"wp-block-heading has-medium-font-size\">Bankverbindung<\/h2>\n\n\n\n<p class=\"has-medium-font-size\">M\u00fcnchner Bank<\/p>\n\n\n\n<meta name=\"format-detection\" content=\"telephone=no\"\/>\n\n\n\n<div class=\"wp-block-group has-global-padding is-layout-constrained wp-container-core-group-is-layout-19e250f3 wp-block-group-is-layout-constrained\">\n<div class=\"wp-block-columns is-layout-flex wp-container-core-columns-is-layout-0e7de217 wp-block-columns-is-layout-flex\">\n<div class=\"wp-block-column has-contrast-2-color has-text-color has-link-color wp-elements-61f1adc8f639368552837a1e642dd4a6 is-layout-flow wp-block-column-is-layout-flow\" style=\"font-style:normal;font-weight:600;flex-basis:40px\">\n<p class=\"has-medium-font-size\">IBAN<\/p>\n<\/div>\n\n\n\n<div class=\"wp-block-column is-layout-flow wp-block-column-is-layout-flow\">\n<p class=\"has-medium-font-size\">DE85&nbsp;7019&nbsp;0000&nbsp;0002&nbsp;6900&nbsp;80<\/p>\n<\/div>\n<\/div>\n\n\n\n<div style=\"height:20px\" aria-hidden=\"true\" class=\"wp-block-spacer\"><\/div>\n\n\n\n<div class=\"wp-block-columns is-layout-flex wp-container-core-columns-is-layout-512bca9a wp-block-columns-is-layout-flex\">\n<div class=\"wp-block-column has-contrast-2-color has-text-color has-link-color wp-elements-af3e8880d35a2c808d26f2446f47562e is-layout-flow wp-block-column-is-layout-flow\" style=\"font-style:normal;font-weight:600;flex-basis:40px\">\n<p class=\"has-medium-font-size\">BIC<\/p>\n<\/div>\n\n\n\n<div class=\"wp-block-column is-layout-flow wp-block-column-is-layout-flow\">\n<p class=\"has-medium-font-size\">GENODEF1M01<\/p>\n<\/div>\n<\/div>\n<\/div>\n<\/div>\n\n\n\n<div class=\"wp-block-group is-vertical is-layout-flex wp-container-core-group-is-layout-fe9cc265 wp-block-group-is-layout-flex\">\n<h2 class=\"wp-block-heading has-medium-font-size\">Vereinsregister<\/h2>\n\n\n\n<p class=\"has-medium-font-size\">VR 16825<br>Amtsgericht M\u00fcnchen<\/p>\n<\/div>\n<\/div>\n<\/div>\n<\/div>\n<\/div>\n\n\n\n<p><\/p>\n","protected":false},"excerpt":{"rendered":"<p>Kontakt Du hast Fragen an uns oder irgendwelche Anmerkungen? Du bist mit etwas nicht zufrieden oder hast andere Kritik? Oder m\u00f6chtest du einfach nur mal Hallo sagen? Dann melde dich gern bei uns. E-Mail-Adresse info@teammuenchen.de Postanschrift Team M\u00fcnchen e.V.Blumenstra\u00dfe 1180331 M\u00fcnchen Pers\u00f6nliche Sprechzeiten W\u00e4hrend des monatlichen Thekendienst im LeZ 5. Dezember 18:30 &#8211; 20:00 LeZ [&hellip;]<\/p>\n","protected":false},"author":25,"featured_media":0,"parent":0,"menu_order":5,"comment_status":"closed","ping_status":"closed","template":"","meta":{"_acf_changed":false,"footnotes":""},"class_list":["post-6789","page","type-page","status-publish","hentry"],"acf":[],"_links":{"self":[{"href":"http:\/\/develop.teammuenchen.de\/en\/wp-json\/wp\/v2\/pages\/6789","targetHints":{"allow":["GET"]}}],"collection":[{"href":"http:\/\/develop.teammuenchen.de\/en\/wp-json\/wp\/v2\/pages"}],"about":[{"href":"http:\/\/develop.teammuenchen.de\/en\/wp-json\/wp\/v2\/types\/page"}],"author":[{"embeddable":true,"href":"http:\/\/develop.teammuenchen.de\/en\/wp-json\/wp\/v2\/users\/25"}],"replies":[{"embeddable":true,"href":"http:\/\/develop.teammuenchen.de\/en\/wp-json\/wp\/v2\/comments?post=6789"}],"version-history":[{"count":1,"href":"http:\/\/develop.teammuenchen.de\/en\/wp-json\/wp\/v2\/pages\/6789\/revisions"}],"predecessor-version":[{"id":14271,"href":"http:\/\/develop.teammuenchen.de\/en\/wp-json\/wp\/v2\/pages\/6789\/revisions\/14271"}],"wp:attachment":[{"href":"http:\/\/develop.teammuenchen.de\/en\/wp-json\/wp\/v2\/media?parent=6789"}],"curies":[{"name":"wp","href":"https:\/\/api.w.org\/{rel}","templated":true}]}}