{"id":7079,"date":"2025-04-05T14:22:51","date_gmt":"2025-04-05T13:22:51","guid":{"rendered":"http:\/\/develop.teammuenchen.de\/?page_id=7079"},"modified":"2026-01-28T22:10:22","modified_gmt":"2026-01-28T21:10:22","slug":"legal-notice","status":"publish","type":"page","link":"http:\/\/develop.teammuenchen.de\/en\/impressum\/","title":{"rendered":"Imprint"},"content":{"rendered":"<div class=\"wp-block-group alignwide has-global-padding is-layout-constrained wp-container-core-group-is-layout-89cd2dc7 wp-block-group-is-layout-constrained\" style=\"padding-top:80px;padding-right:20px;padding-bottom:80px;padding-left:20px\">\n<h1 class=\"wp-block-heading alignwide has-text-align-left\">Imprint<\/h1>\n\n\n\n<div class=\"wp-block-columns alignwide are-vertically-aligned-top notranslation is-layout-flex wp-container-core-columns-is-layout-87beb0d0 wp-block-columns-is-layout-flex\">\n<div class=\"wp-block-column is-layout-flow wp-container-core-column-is-layout-343acf9e wp-block-column-is-layout-flow\" style=\"flex-basis:42%\">\n<div class=\"wp-block-group alignwide has-global-padding is-layout-constrained wp-block-group-is-layout-constrained\">\n<div class=\"wp-block-group alignwide has-base-color has-accent-2-background-color has-text-color has-background has-link-color wp-elements-250866f3807c56edef2652bffd47f7f1 has-global-padding is-layout-constrained wp-container-core-group-is-layout-f6632a5c wp-block-group-is-layout-constrained\" style=\"border-radius:8px;padding-top:30px;padding-right:30px;padding-bottom:30px;padding-left:30px\">\n<h2 class=\"wp-block-heading is-style-default has-large-font-size\">Provider<\/h2>\n\n\n\n<p class=\"has-medium-font-size\" style=\"font-style:normal;font-weight:600\">Team M\u00fcnchen e.V.<\/p>\n\n\n\n<p>Blumenstra\u00dfe 11<br>80331 Munich<\/p>\n\n\n\n<meta name=\"format-detection\" content=\"telephone=no\">\n\n\n\n<div class=\"wp-block-group is-nowrap is-layout-flex wp-container-core-group-is-layout-e088cbc5 wp-block-group-is-layout-flex\">\n<p>+49 151 59934307<\/p>\n\n\n\n<p class=\"has-accent-5-color has-text-color has-link-color has-small-font-size wp-elements-ec91fcbad1015a5e6a5223875c2cd750\">Dirk Neitzke<\/p>\n<\/div>\n\n\n\n<p>info@teammuenchen.de<\/p>\n<\/div>\n\n\n\n<div class=\"wp-block-group alignwide has-border-color has-accent-border-color wp-elements-6d942692c06f397b367253e8430641ef has-global-padding is-layout-constrained wp-container-core-group-is-layout-f6632a5c wp-block-group-is-layout-constrained\" style=\"border-width:2px;border-radius:8px;padding-top:30px;padding-right:30px;padding-bottom:30px;padding-left:30px\">\n<div class=\"wp-block-group is-vertical is-layout-flex wp-container-core-group-is-layout-fe9cc265 wp-block-group-is-layout-flex\">\n<h2 class=\"wp-block-heading\">Base<\/h2>\n\n\n\n<p class=\"has-medium-font-size\">VR 16825<br>Munich Local Court<\/p>\n<\/div>\n\n\n\n<div class=\"wp-block-group has-global-padding is-layout-constrained wp-container-core-group-is-layout-19e250f3 wp-block-group-is-layout-constrained\">\n<div class=\"wp-block-group is-layout-flex wp-container-core-group-is-layout-b093c1f4 wp-block-group-is-layout-flex\">\n<p class=\"has-accent-color has-text-color has-link-color has-medium-font-size wp-elements-b5cae8bc130b7c0935c2088b7448135a\"><strong><strong>Authorised representative board<\/strong><\/strong> <mark style=\"background-color:rgba(0, 0, 0, 0)\" class=\"has-inline-color has-custom-transparent-blue-color\">(\u00a726 BGB)<\/mark><\/p>\n<\/div>\n\n\n\n<p style=\"margin-top:0px;margin-right:0px;margin-bottom:0px;margin-left:0px\">Dirk Neitzke, Natascha Gr\u00e4f, Robert Lingauer<\/p>\n<\/div>\n\n\n\n<div class=\"wp-block-group has-global-padding is-layout-constrained wp-block-group-is-layout-constrained\">\n<p class=\"has-accent-color has-text-color has-link-color has-medium-font-size wp-elements-2127e47da8c1dccd1b6eac2152ee9d93\"><strong><strong>Responsible in terms of press law<\/strong><\/strong><\/p>\n\n\n\n<p style=\"margin-top:0px;margin-right:0px;margin-bottom:0px;margin-left:0px\">Dirk Neitzke, Chairman<br>dirk@teammuenchen.de<\/p>\n<\/div>\n<\/div>\n\n\n\n<div class=\"wp-block-group alignwide has-border-color has-accent-border-color has-base-color has-accent-background-color has-text-color has-background has-link-color wp-elements-e1f09f659cfbfe8ab489b5922cee61fe has-global-padding is-layout-constrained wp-container-core-group-is-layout-fa3cc8f3 wp-block-group-is-layout-constrained\" style=\"border-width:2px;border-radius:8px;padding-top:30px;padding-right:30px;padding-bottom:30px;padding-left:30px\">\n<h2 class=\"wp-block-heading\">Bank details<\/h2>\n\n\n\n<p class=\"has-medium-font-size\">M\u00fcnchner Bank<\/p>\n\n\n\n<div class=\"wp-block-group has-global-padding is-layout-constrained wp-container-core-group-is-layout-19e250f3 wp-block-group-is-layout-constrained\">\n<div class=\"wp-block-columns is-layout-flex wp-container-core-columns-is-layout-0e7de217 wp-block-columns-is-layout-flex\">\n<div class=\"wp-block-column has-accent-4-color has-text-color has-link-color wp-elements-6e49a9d377477b1a1410c3330de134b2 is-layout-flow wp-block-column-is-layout-flow\" style=\"font-style:normal;font-weight:600;flex-basis:40px\">\n<p class=\"has-medium-font-size\">IBAN<\/p>\n<\/div>\n\n\n\n<div class=\"wp-block-column is-layout-flow wp-block-column-is-layout-flow\">\n<p class=\"has-medium-font-size\">DE85 7019 0000 0002 6900 80<\/p>\n<\/div>\n<\/div>\n\n\n\n<div style=\"height:20px\" aria-hidden=\"true\" class=\"wp-block-spacer\"><\/div>\n\n\n\n<div class=\"wp-block-columns is-layout-flex wp-container-core-columns-is-layout-512bca9a wp-block-columns-is-layout-flex\">\n<div class=\"wp-block-column has-accent-4-color has-text-color has-link-color wp-elements-648d3496f7c5904fbe069ed995ae4607 is-layout-flow wp-block-column-is-layout-flow\" style=\"font-style:normal;font-weight:600;flex-basis:40px\">\n<p class=\"has-medium-font-size\">BIC<\/p>\n<\/div>\n\n\n\n<div class=\"wp-block-column is-layout-flow wp-block-column-is-layout-flow\">\n<p class=\"has-medium-font-size\">GENODEF1M01<\/p>\n<\/div>\n<\/div>\n<\/div>\n<\/div>\n<\/div>\n<\/div>\n\n\n\n<div class=\"wp-block-column is-vertically-aligned-top is-layout-flow wp-container-core-column-is-layout-343acf9e wp-block-column-is-layout-flow\" style=\"flex-basis:58%\">\n<aside class=\"wp-block-group alignwide has-base-2-background-color has-background has-global-padding is-layout-constrained wp-container-core-group-is-layout-df88f769 wp-block-group-is-layout-constrained\" style=\"border-radius:8px;padding-top:30px;padding-right:30px;padding-bottom:30px;padding-left:30px\">\n<div class=\"wp-block-group is-vertical is-layout-flex wp-container-core-group-is-layout-634a1b30 wp-block-group-is-layout-flex\">\n<h3 class=\"wp-block-heading has-medium-font-size\">Disclaimer<\/h3>\n\n\n\n<p>The files available for download are a free service provided by Team Munich. These are standard forms which, of course, cannot cover every individual case and every particularity. In cases of doubt, you should therefore seek legal advice. Team M\u00fcnchen accepts no liability for the data provided, neither for the content nor for any viruses or other programme errors. Use of the files is at your own risk!<\/p>\n\n\n\n<p>The information and notices provided are for the benefit of the members of Team Munich.<\/p>\n\n\n\n<p>In its judgement of 12 May 1998, the Hamburg Regional Court ruled that the inclusion of a link may entail co-responsibility for the content of the linked page. According to the court, this can only be prevented by expressly distancing oneself from the content.<\/p>\n\n\n\n<p>We have placed links to other sites on the Internet on our pages.<\/p>\n<\/div>\n\n\n\n<div class=\"wp-block-group is-vertical is-layout-flex wp-container-core-group-is-layout-634a1b30 wp-block-group-is-layout-flex\">\n<h3 class=\"wp-block-heading has-medium-font-size\">The following applies to all these links:<\/h3>\n\n\n\n<p>Team M\u00fcnchen e.V. and the creators of this site expressly declare that they have no influence whatsoever on the design and content of the linked pages. We therefore hereby expressly distance ourselves from all content of all linked pages on our homepage and do not adopt the content as our own. This declaration applies to all links displayed on our homepage and to all contents of the pages to which the banners and links registered with us lead, in particular for links entered by visitors to these pages via interactive components (guestbook etc.).<\/p>\n<\/div>\n\n\n\n<div class=\"wp-block-group is-vertical is-layout-flex wp-container-core-group-is-layout-634a1b30 wp-block-group-is-layout-flex\">\n<h3 class=\"wp-block-heading has-medium-font-size\">Copyright<\/h3>\n\n\n\n<p>The layout of this web presentation, the graphics used and the collection of articles are protected by copyright. The pages may be distributed for internal organisational and information purposes, reproduced for private use only, no changes may be made and reproductions may not be publicly distributed or used for public reproduction. The individual contributions are also protected by copyright. All information on this server is provided without guarantee of accuracy. Under no circumstances will liability be accepted for damages resulting from the use of the information retrieved.<\/p>\n<\/div>\n<\/aside>\n<\/div>\n<\/div>\n<\/div>\n\n\n\n<p><\/p>","protected":false},"excerpt":{"rendered":"<p>Impressum Anbieter Team M\u00fcnchen e.V. Blumenstra\u00dfe 1180331 M\u00fcnchen +49 151 59934307 Dirk Neitzke info@teammuenchen.de Sitz VR 16825Amtsgericht M\u00fcnchen Vertretungsberechtigter Vorstand (\u00a726 BGB) Dirk Neitzke, Natascha Gr\u00e4f, Robert Lingauer Verantwortlich i. S. d. Presserechts Dirk Neitzke, Vorsitzenderdirk@teammuenchen.de Bankverbindung M\u00fcnchner Bank IBAN DE85 7019 0000 0002 6900 80 BIC GENODEF1M01 Haftungshinweis Die zum Download bereit gestellten Dateien [&hellip;]<\/p>\n","protected":false},"author":25,"featured_media":0,"parent":0,"menu_order":6,"comment_status":"closed","ping_status":"closed","template":"","meta":{"_acf_changed":false,"footnotes":""},"class_list":["post-7079","page","type-page","status-publish","hentry"],"acf":[],"_links":{"self":[{"href":"http:\/\/develop.teammuenchen.de\/en\/wp-json\/wp\/v2\/pages\/7079","targetHints":{"allow":["GET"]}}],"collection":[{"href":"http:\/\/develop.teammuenchen.de\/en\/wp-json\/wp\/v2\/pages"}],"about":[{"href":"http:\/\/develop.teammuenchen.de\/en\/wp-json\/wp\/v2\/types\/page"}],"author":[{"embeddable":true,"href":"http:\/\/develop.teammuenchen.de\/en\/wp-json\/wp\/v2\/users\/25"}],"replies":[{"embeddable":true,"href":"http:\/\/develop.teammuenchen.de\/en\/wp-json\/wp\/v2\/comments?post=7079"}],"version-history":[{"count":0,"href":"http:\/\/develop.teammuenchen.de\/en\/wp-json\/wp\/v2\/pages\/7079\/revisions"}],"wp:attachment":[{"href":"http:\/\/develop.teammuenchen.de\/en\/wp-json\/wp\/v2\/media?parent=7079"}],"curies":[{"name":"wp","href":"https:\/\/api.w.org\/{rel}","templated":true}]}}