{"id":7432,"date":"2025-04-06T16:58:31","date_gmt":"2025-04-06T15:58:31","guid":{"rendered":"http:\/\/develop.teammuenchen.de\/?page_id=7432"},"modified":"2025-12-16T00:29:45","modified_gmt":"2025-12-15T23:29:45","slug":"network","status":"publish","type":"page","link":"http:\/\/develop.teammuenchen.de\/en\/verein\/netzwerk\/","title":{"rendered":"Network"},"content":{"rendered":"<div class=\"wp-block-group has-link-color wp-elements-242a54002df67ebf945f15637a89a3b6 has-global-padding is-layout-constrained wp-container-core-group-is-layout-e6bc9522 wp-block-group-is-layout-constrained\" style=\"padding-top:60px;padding-right:20px;padding-left:20px\">\n<div class=\"wp-block-group has-global-padding is-content-justification-left is-layout-constrained wp-container-core-group-is-layout-12dd3699 wp-block-group-is-layout-constrained\">\n<p class=\"has-contrast-2-color has-text-color has-link-color wp-elements-023c8eb9115746ac59075d814cfca633\" style=\"font-style:normal;font-weight:600\">Great things only happen in a good network<\/p>\n\n\n\n<h1 class=\"wp-block-heading\">Our strong allies<\/h1>\n\n\n\n<p>Team Munich works with partners and associations on a national and international level to promote visibility, diversity and equal opportunities. Supported by sponsors, we are able to realise projects, training courses and events - together we can achieve more.<\/p>\n<\/div>\n<\/div>\n\n\n\n<div style=\"height:40px\" aria-hidden=\"true\" class=\"wp-block-spacer\"><\/div>\n\n\n\n<div class=\"wp-block-group has-global-padding is-layout-constrained wp-container-core-group-is-layout-0bedf40e wp-block-group-is-layout-constrained\" style=\"padding-right:10px;padding-bottom:60px;padding-left:10px\">\n<div class=\"wp-block-group has-base-2-background-color has-background has-global-padding is-layout-constrained wp-container-core-group-is-layout-edcd9cee wp-block-group-is-layout-constrained\" style=\"border-radius:8px;padding-top:30px;padding-right:30px;padding-bottom:30px;padding-left:30px\">\n<h2 class=\"wp-block-heading\">Federation of Gay Games<\/h2>\n\n\n\n<p>Team Munich has been a member of the Federation of Gay Games (FGG) since 2009, where we can now also make our voice heard. The FGG, based in San Francisco, is the umbrella organisation that awards the GayGames World Games. <\/p>\n\n\n\n<div class=\"wp-block-columns are-vertically-aligned-center is-layout-flex wp-container-core-columns-is-layout-1ba1bd3c wp-block-columns-is-layout-flex\">\n<div class=\"wp-block-column is-vertically-aligned-center is-layout-flow wp-block-column-is-layout-flow\" style=\"flex-basis:140px\">\n<figure class=\"wp-block-image aligncenter size-full is-resized\"><a href=\"https:\/\/gaygames.org\/\" target=\"_blank\"><img decoding=\"async\" src=\"http:\/\/develop.teammuenchen.de\/wp-content\/uploads\/2025\/05\/TM_partner_logo_FGG_RGB.svg\" alt=\"Logo of the FGG (Federation of Gay Games), partner in the Team Munich network.\" class=\"wp-image-8565\" style=\"object-fit:contain;width:140px;height:120px\"\/><\/a><\/figure>\n<\/div>\n\n\n\n<div class=\"wp-block-column is-vertically-aligned-center is-layout-flow wp-block-column-is-layout-flow\">\n<p>The aim of the FGG is to make gay and lesbian sport visible in the world by holding the Gay Games and thus improve human rights for gays, lesbians and transgender people. Participation, inclusion and personal best are the motto of the FGG.<\/p>\n\n\n\n<p>You can find more information about the FGG on the <strong><a href=\"https:\/\/gaygames.org\/\" data-type=\"link\" data-id=\"https:\/\/www.eglsf.info\/\" target=\"_blank\" rel=\"noreferrer noopener nofollow\">official website.<\/a><\/strong><\/p>\n<\/div>\n<\/div>\n\n\n\n<hr class=\"wp-block-separator has-text-color has-custom-grey-five-color has-alpha-channel-opacity has-custom-grey-five-background-color has-background is-style-wide\" style=\"margin-top:40px;margin-bottom:40px\"\/>\n\n\n\n<div class=\"wp-block-columns is-layout-flex wp-container-core-columns-is-layout-1ba1bd3c wp-block-columns-is-layout-flex\">\n<div class=\"wp-block-column is-vertically-aligned-top is-layout-flow wp-block-column-is-layout-flow\">\n<p>The next games will take place from 27 June to 4 July 2026 in Valencia, Spain. Click here to go to <a href=\"https:\/\/www.gaygamesvalencia2026.com\/en\/register\/\">Registration.<\/a><\/p>\n<\/div>\n\n\n\n<div class=\"wp-block-column is-vertically-aligned-top is-layout-flow wp-block-column-is-layout-flow\" style=\"flex-basis:200px\">\n<figure class=\"wp-block-image aligncenter size-full is-resized\"><a href=\"https:\/\/www.gaygamesvalencia2026.com\/en\/\" target=\"_blank\"><img decoding=\"async\" src=\"http:\/\/develop.teammuenchen.de\/wp-content\/uploads\/2025\/05\/TM_partner_logo_GG26_RGB.svg\" alt=\"\" class=\"wp-image-8575\" style=\"object-fit:contain;width:200px;height:75px\"\/><\/a><\/figure>\n<\/div>\n<\/div>\n<\/div>\n\n\n\n<div class=\"wp-block-group has-base-2-background-color has-background has-global-padding is-layout-constrained wp-container-core-group-is-layout-edcd9cee wp-block-group-is-layout-constrained\" style=\"border-radius:8px;padding-top:30px;padding-right:30px;padding-bottom:30px;padding-left:30px\">\n<h2 class=\"wp-block-heading\">European Gay &amp; Lesbian Sport Federation<\/h2>\n\n\n\n<p>We have been a member of the European Gay &amp; Lesbian Sports Federation, EGLSF for short, since 1999. As an umbrella organisation, the EGLSF represents around 10,000 gay and lesbian athletes in 150 member clubs throughout Europe.<\/p>\n\n\n\n<div class=\"wp-block-columns are-vertically-aligned-top is-layout-flex wp-container-core-columns-is-layout-1ba1bd3c wp-block-columns-is-layout-flex\">\n<div class=\"wp-block-column is-vertically-aligned-top is-layout-flow wp-block-column-is-layout-flow\" style=\"flex-basis:180px\">\n<figure class=\"wp-block-image aligncenter size-full is-resized\"><a href=\"https:\/\/www.eglsf.info\/\" target=\"_blank\"><img loading=\"lazy\" decoding=\"async\" width=\"720\" height=\"244\" src=\"http:\/\/develop.teammuenchen.de\/wp-content\/uploads\/2025\/05\/TM_partner_logo_EGLSF_RGB.png\" alt=\"Logo of the EGLSF (European Gay &amp; Lesbian Sport Federation), partner in the Team Munich network.\" class=\"wp-image-8573\" style=\"width:190px\" srcset=\"http:\/\/develop.teammuenchen.de\/wp-content\/uploads\/2025\/05\/TM_partner_logo_EGLSF_RGB.png 720w, http:\/\/develop.teammuenchen.de\/wp-content\/uploads\/2025\/05\/TM_partner_logo_EGLSF_RGB-300x102.png 300w, http:\/\/develop.teammuenchen.de\/wp-content\/uploads\/2025\/05\/TM_partner_logo_EGLSF_RGB-18x6.png 18w\" sizes=\"auto, (max-width: 720px) 100vw, 720px\" \/><\/a><\/figure>\n<\/div>\n\n\n\n<div class=\"wp-block-column is-vertically-aligned-top is-layout-flow wp-block-column-is-layout-flow\">\n<p>As an officially recognised non-profit organisation, the EGLSF also lobbies for gays and lesbians in the European Council.<\/p>\n\n\n\n<p>You can find more information about the EGLSF on the <strong><a href=\"https:\/\/www.eglsf.info\/\" data-type=\"link\" data-id=\"https:\/\/www.eglsf.info\/\" target=\"_blank\" rel=\"noreferrer noopener nofollow\">official website.<\/a><\/strong><\/p>\n<\/div>\n<\/div>\n\n\n\n<hr class=\"wp-block-separator has-text-color has-custom-grey-five-color has-alpha-channel-opacity has-custom-grey-five-background-color has-background is-style-wide\" style=\"margin-top:40px;margin-bottom:40px\"\/>\n\n\n\n<div class=\"wp-block-columns is-layout-flex wp-container-core-columns-is-layout-1ba1bd3c wp-block-columns-is-layout-flex\">\n<div class=\"wp-block-column is-vertically-aligned-top is-layout-flow wp-block-column-is-layout-flow\">\n<p>The EGLSF grants licences to its member clubs to host the EuroGames. The next EuroGames will be held in Cardiff (Great Britain) in 2027 and in Frankfurt am Main in 2028.<\/p>\n<\/div>\n\n\n\n<div class=\"wp-block-column is-vertically-aligned-top is-layout-flow wp-block-column-is-layout-flow\" style=\"flex-basis:180px\">\n<figure class=\"wp-block-image aligncenter size-full is-resized\"><a href=\"https:\/\/cardiffeurogames2027.cymru\" target=\"_blank\"><img loading=\"lazy\" decoding=\"async\" width=\"418\" height=\"360\" src=\"http:\/\/develop.teammuenchen.de\/wp-content\/uploads\/2025\/05\/TM_partner_logo_EG27_RGB.png\" alt=\"\" class=\"wp-image-8576\" style=\"object-fit:contain;width:175px;height:125px\" srcset=\"http:\/\/develop.teammuenchen.de\/wp-content\/uploads\/2025\/05\/TM_partner_logo_EG27_RGB.png 418w, http:\/\/develop.teammuenchen.de\/wp-content\/uploads\/2025\/05\/TM_partner_logo_EG27_RGB-300x258.png 300w, http:\/\/develop.teammuenchen.de\/wp-content\/uploads\/2025\/05\/TM_partner_logo_EG27_RGB-14x12.png 14w\" sizes=\"auto, (max-width: 418px) 100vw, 418px\" \/><\/a><\/figure>\n<\/div>\n<\/div>\n<\/div>\n\n\n\n<div class=\"wp-block-group has-base-2-background-color has-background has-global-padding is-layout-constrained wp-container-core-group-is-layout-edcd9cee wp-block-group-is-layout-constrained\" style=\"border-radius:8px;padding-top:30px;padding-right:30px;padding-bottom:30px;padding-left:30px\">\n<h2 class=\"wp-block-heading\">Bavarian State Sports Association e.V.<\/h2>\n\n\n\n<p>The Bayerische Landes-Sportverband e.V. (BLSV), as the umbrella organisation for sport in Bavaria, is the spokesperson and representative of the interests of the clubs and professional associations.<\/p>\n\n\n\n<div class=\"wp-block-columns are-vertically-aligned-center is-layout-flex wp-container-core-columns-is-layout-1ba1bd3c wp-block-columns-is-layout-flex\">\n<div class=\"wp-block-column is-vertically-aligned-center is-layout-flow wp-block-column-is-layout-flow\" style=\"flex-basis:200px\">\n<figure class=\"wp-block-image aligncenter size-full is-resized\"><a href=\"https:\/\/www.blsv.de\" target=\"_blank\"><img decoding=\"async\" src=\"http:\/\/develop.teammuenchen.de\/wp-content\/uploads\/2025\/05\/TM_partner_logo_BLSV_RGB.svg\" alt=\"Logo of the Bavarian State Sports Association, partner in the Team Munich network.\" class=\"wp-image-8563\" style=\"object-fit:contain;width:200px;height:70px\"\/><\/a><\/figure>\n<\/div>\n\n\n\n<div class=\"wp-block-column is-vertically-aligned-center is-layout-flow wp-block-column-is-layout-flow\">\n<p>Through cooperation with social groups and organisations, politics, science and the state, the BLSV makes a significant contribution to shaping the framework conditions for sport and club life, and we are more than grateful to have found great sponsors who share our vision and values and support us on our way.<\/p>\n<\/div>\n<\/div>\n\n\n\n<p>The BLSV promotes regular and orderly games and sports activities of its professional associations as well as the organisation of joint events. Educational work with adults and young people beyond sport is part of its work. The BLSV offers its members in the clubs insurance cover.<\/p>\n\n\n\n<p>As a training centre for coaches, trainers and athletes, the BLSV operates a modern and generously designed sports school together with the Bavarian Football Association. The BLSV informs its members via the association magazine \"bayernsport\".<\/p>\n\n\n\n<p>You can find more information about the BLSV on the <strong><a href=\"https:\/\/www.blsv.de\" data-type=\"link\" data-id=\"https:\/\/www.eglsf.info\/\" target=\"_blank\" rel=\"noreferrer noopener nofollow\">official website.<\/a><\/strong><\/p>\n\n\n\n<p>In the sports in which we participate in tournaments and leagues, we are also members of the relevant professional associations, such as the Bavarian Volleyball Association, the Bavarian Football Association, the Bavarian Handball Association, the Bavarian Badminton Association and the Bavarian Table Tennis Association.<\/p>\n\n\n\n<div class=\"wp-block-group is-content-justification-space-between is-layout-flex wp-container-core-group-is-layout-9366075c wp-block-group-is-layout-flex block-visibility-hide-small-screen\">\n<figure class=\"wp-block-image size-full is-resized\"><a href=\"https:\/\/volleyball.bayern\/start\" target=\"_blank\"><img loading=\"lazy\" decoding=\"async\" width=\"720\" height=\"348\" src=\"http:\/\/develop.teammuenchen.de\/wp-content\/uploads\/2025\/05\/TM_partner_logo_BVV_RGB.png\" alt=\"\" class=\"wp-image-8572\" style=\"width:140px\" srcset=\"http:\/\/develop.teammuenchen.de\/wp-content\/uploads\/2025\/05\/TM_partner_logo_BVV_RGB.png 720w, http:\/\/develop.teammuenchen.de\/wp-content\/uploads\/2025\/05\/TM_partner_logo_BVV_RGB-300x145.png 300w, http:\/\/develop.teammuenchen.de\/wp-content\/uploads\/2025\/05\/TM_partner_logo_BVV_RGB-18x9.png 18w\" sizes=\"auto, (max-width: 720px) 100vw, 720px\" \/><\/a><\/figure>\n\n\n\n<figure class=\"wp-block-image size-full is-resized\"><a href=\"https:\/\/www.bfv.de\" target=\"_blank\"><img loading=\"lazy\" decoding=\"async\" width=\"496\" height=\"720\" src=\"http:\/\/develop.teammuenchen.de\/wp-content\/uploads\/2025\/05\/TM_partner_logo_BFV_RGB.png\" alt=\"\" class=\"wp-image-8569\" style=\"width:auto;height:100px\" srcset=\"http:\/\/develop.teammuenchen.de\/wp-content\/uploads\/2025\/05\/TM_partner_logo_BFV_RGB.png 496w, http:\/\/develop.teammuenchen.de\/wp-content\/uploads\/2025\/05\/TM_partner_logo_BFV_RGB-207x300.png 207w, http:\/\/develop.teammuenchen.de\/wp-content\/uploads\/2025\/05\/TM_partner_logo_BFV_RGB-8x12.png 8w\" sizes=\"auto, (max-width: 496px) 100vw, 496px\" \/><\/a><\/figure>\n\n\n\n<figure class=\"wp-block-image size-full is-resized\"><a href=\"https:\/\/www.bhv-online.de\" target=\"_blank\"><img loading=\"lazy\" decoding=\"async\" width=\"720\" height=\"241\" src=\"http:\/\/develop.teammuenchen.de\/wp-content\/uploads\/2025\/05\/TM_partner_logo_BHV_RGB.png\" alt=\"\" class=\"wp-image-8570\" style=\"width:140px\" srcset=\"http:\/\/develop.teammuenchen.de\/wp-content\/uploads\/2025\/05\/TM_partner_logo_BHV_RGB.png 720w, http:\/\/develop.teammuenchen.de\/wp-content\/uploads\/2025\/05\/TM_partner_logo_BHV_RGB-300x100.png 300w, http:\/\/develop.teammuenchen.de\/wp-content\/uploads\/2025\/05\/TM_partner_logo_BHV_RGB-18x6.png 18w\" sizes=\"auto, (max-width: 720px) 100vw, 720px\" \/><\/a><\/figure>\n\n\n\n<figure class=\"wp-block-image size-full is-resized\"><a href=\"https:\/\/badminton-bbv.de\" target=\"_blank\"><img loading=\"lazy\" decoding=\"async\" width=\"629\" height=\"720\" src=\"http:\/\/develop.teammuenchen.de\/wp-content\/uploads\/2025\/05\/TM_partner_logo_BBV_RGB.png\" alt=\"\" class=\"wp-image-8568\" style=\"width:auto;height:100px\" srcset=\"http:\/\/develop.teammuenchen.de\/wp-content\/uploads\/2025\/05\/TM_partner_logo_BBV_RGB.png 629w, http:\/\/develop.teammuenchen.de\/wp-content\/uploads\/2025\/05\/TM_partner_logo_BBV_RGB-262x300.png 262w, http:\/\/develop.teammuenchen.de\/wp-content\/uploads\/2025\/05\/TM_partner_logo_BBV_RGB-10x12.png 10w\" sizes=\"auto, (max-width: 629px) 100vw, 629px\" \/><\/a><\/figure>\n\n\n\n<figure class=\"wp-block-image size-full is-resized\"><a href=\"https:\/\/www.bttv.de\" target=\"_blank\"><img loading=\"lazy\" decoding=\"async\" width=\"307\" height=\"406\" src=\"http:\/\/develop.teammuenchen.de\/wp-content\/uploads\/2025\/05\/TM_partner_logo_BTTV_RGB.png\" alt=\"\" class=\"wp-image-8571\" style=\"width:auto;height:110px\" srcset=\"http:\/\/develop.teammuenchen.de\/wp-content\/uploads\/2025\/05\/TM_partner_logo_BTTV_RGB.png 307w, http:\/\/develop.teammuenchen.de\/wp-content\/uploads\/2025\/05\/TM_partner_logo_BTTV_RGB-227x300.png 227w, http:\/\/develop.teammuenchen.de\/wp-content\/uploads\/2025\/05\/TM_partner_logo_BTTV_RGB-9x12.png 9w\" sizes=\"auto, (max-width: 307px) 100vw, 307px\" \/><\/a><\/figure>\n<\/div>\n\n\n\n<div class=\"wp-block-group is-content-justification-center is-layout-flex wp-container-core-group-is-layout-f0d78ca6 wp-block-group-is-layout-flex block-visibility-hide-large-screen block-visibility-hide-medium-screen\">\n<figure class=\"wp-block-image size-full is-resized\"><a href=\"https:\/\/volleyball.bayern\/start\" target=\"_blank\"><img loading=\"lazy\" decoding=\"async\" width=\"720\" height=\"348\" src=\"http:\/\/develop.teammuenchen.de\/wp-content\/uploads\/2025\/05\/TM_partner_logo_BVV_RGB.png\" alt=\"\" class=\"wp-image-8572\" style=\"width:140px\" srcset=\"http:\/\/develop.teammuenchen.de\/wp-content\/uploads\/2025\/05\/TM_partner_logo_BVV_RGB.png 720w, http:\/\/develop.teammuenchen.de\/wp-content\/uploads\/2025\/05\/TM_partner_logo_BVV_RGB-300x145.png 300w, http:\/\/develop.teammuenchen.de\/wp-content\/uploads\/2025\/05\/TM_partner_logo_BVV_RGB-18x9.png 18w\" sizes=\"auto, (max-width: 720px) 100vw, 720px\" \/><\/a><\/figure>\n\n\n\n<figure class=\"wp-block-image size-full is-resized\"><a href=\"https:\/\/www.bfv.de\" target=\"_blank\"><img loading=\"lazy\" decoding=\"async\" width=\"496\" height=\"720\" src=\"http:\/\/develop.teammuenchen.de\/wp-content\/uploads\/2025\/05\/TM_partner_logo_BFV_RGB.png\" alt=\"\" class=\"wp-image-8569\" style=\"width:auto;height:100px\" srcset=\"http:\/\/develop.teammuenchen.de\/wp-content\/uploads\/2025\/05\/TM_partner_logo_BFV_RGB.png 496w, http:\/\/develop.teammuenchen.de\/wp-content\/uploads\/2025\/05\/TM_partner_logo_BFV_RGB-207x300.png 207w, http:\/\/develop.teammuenchen.de\/wp-content\/uploads\/2025\/05\/TM_partner_logo_BFV_RGB-8x12.png 8w\" sizes=\"auto, (max-width: 496px) 100vw, 496px\" \/><\/a><\/figure>\n\n\n\n<figure class=\"wp-block-image size-full is-resized\"><a href=\"https:\/\/www.bhv-online.de\" target=\"_blank\"><img loading=\"lazy\" decoding=\"async\" width=\"720\" height=\"241\" src=\"http:\/\/develop.teammuenchen.de\/wp-content\/uploads\/2025\/05\/TM_partner_logo_BHV_RGB.png\" alt=\"\" class=\"wp-image-8570\" style=\"width:140px\" srcset=\"http:\/\/develop.teammuenchen.de\/wp-content\/uploads\/2025\/05\/TM_partner_logo_BHV_RGB.png 720w, http:\/\/develop.teammuenchen.de\/wp-content\/uploads\/2025\/05\/TM_partner_logo_BHV_RGB-300x100.png 300w, http:\/\/develop.teammuenchen.de\/wp-content\/uploads\/2025\/05\/TM_partner_logo_BHV_RGB-18x6.png 18w\" sizes=\"auto, (max-width: 720px) 100vw, 720px\" \/><\/a><\/figure>\n\n\n\n<figure class=\"wp-block-image size-full is-resized\"><a href=\"https:\/\/badminton-bbv.de\" target=\"_blank\"><img loading=\"lazy\" decoding=\"async\" width=\"629\" height=\"720\" src=\"http:\/\/develop.teammuenchen.de\/wp-content\/uploads\/2025\/05\/TM_partner_logo_BBV_RGB.png\" alt=\"\" class=\"wp-image-8568\" style=\"width:auto;height:100px\" srcset=\"http:\/\/develop.teammuenchen.de\/wp-content\/uploads\/2025\/05\/TM_partner_logo_BBV_RGB.png 629w, http:\/\/develop.teammuenchen.de\/wp-content\/uploads\/2025\/05\/TM_partner_logo_BBV_RGB-262x300.png 262w, http:\/\/develop.teammuenchen.de\/wp-content\/uploads\/2025\/05\/TM_partner_logo_BBV_RGB-10x12.png 10w\" sizes=\"auto, (max-width: 629px) 100vw, 629px\" \/><\/a><\/figure>\n\n\n\n<figure class=\"wp-block-image size-full is-resized\"><a href=\"https:\/\/www.bttv.de\" target=\"_blank\"><img loading=\"lazy\" decoding=\"async\" width=\"307\" height=\"406\" src=\"http:\/\/develop.teammuenchen.de\/wp-content\/uploads\/2025\/05\/TM_partner_logo_BTTV_RGB.png\" alt=\"\" class=\"wp-image-8571\" style=\"width:auto;height:110px\" srcset=\"http:\/\/develop.teammuenchen.de\/wp-content\/uploads\/2025\/05\/TM_partner_logo_BTTV_RGB.png 307w, http:\/\/develop.teammuenchen.de\/wp-content\/uploads\/2025\/05\/TM_partner_logo_BTTV_RGB-227x300.png 227w, http:\/\/develop.teammuenchen.de\/wp-content\/uploads\/2025\/05\/TM_partner_logo_BTTV_RGB-9x12.png 9w\" sizes=\"auto, (max-width: 307px) 100vw, 307px\" \/><\/a><\/figure>\n<\/div>\n<\/div>\n\n\n\n<div class=\"wp-block-group has-base-2-background-color has-background has-global-padding is-layout-constrained wp-container-core-group-is-layout-edcd9cee wp-block-group-is-layout-constrained\" style=\"border-radius:8px;padding-top:30px;padding-right:30px;padding-bottom:30px;padding-left:30px\">\n<div class=\"wp-block-group has-global-padding is-layout-constrained wp-block-group-is-layout-constrained\">\n<h2 class=\"wp-block-heading\">Sponsors<\/h2>\n\n\n\n<p>We are more than grateful to have found great sponsors who share our vision and values and support us on our journey.<\/p>\n<\/div>\n\n\n\n<div class=\"wp-block-columns is-layout-flex wp-container-core-columns-is-layout-c4677a31 wp-block-columns-is-layout-flex\">\n<div class=\"wp-block-column is-layout-flow wp-block-column-is-layout-flow\">\n<figure class=\"wp-block-image aligncenter size-full is-resized\"><a href=\"https:\/\/www.deutsche-eiche.de\" target=\"_blank\"><img decoding=\"async\" src=\"http:\/\/develop.teammuenchen.de\/wp-content\/uploads\/2025\/05\/TM_partner_logo_Eiche_RGB.svg\" alt=\"Logo of Deutsche Eiche, a partner in our network.\" class=\"wp-image-8564\" style=\"object-fit:contain;width:200px;height:87px\"\/><\/a><\/figure>\n<\/div>\n\n\n\n<div class=\"wp-block-column is-layout-flow wp-block-column-is-layout-flow\">\n<figure class=\"wp-block-image aligncenter size-full is-resized\"><a href=\"https:\/\/muenchner-regenbogen-stiftung.de\" target=\"_blank\"><img decoding=\"async\" src=\"http:\/\/develop.teammuenchen.de\/wp-content\/uploads\/2025\/05\/TM_partner_logo_MRS_RGB.svg\" alt=\"Logo of the Munich Rainbow Foundation, a partner in our network.\" class=\"wp-image-8567\" style=\"object-fit:contain;width:200px;height:93px\"\/><\/a><\/figure>\n<\/div>\n<\/div>\n<\/div>\n<\/div>","protected":false},"excerpt":{"rendered":"<p>Gro\u00dfes entsteht nur in einem starken Netzwerk Unsere starken Verb\u00fcndeten Team M\u00fcnchen arbeitet auf nationaler und internationaler Ebene mit Partnern und Verb\u00e4nden zusammen, um Sichtbarkeit, Vielfalt und Chancengleichheit zu f\u00f6rdern. Unterst\u00fctzt von Sponsoren k\u00f6nnen wir Projekte, Trainingsangebote und Veranstaltungen realisieren \u2013 gemeinsam bewegen wir mehr. Federation of Gay Games Team M\u00fcnchen ist seit 2009 Mitglied [&hellip;]<\/p>\n","protected":false},"author":25,"featured_media":0,"parent":6787,"menu_order":3,"comment_status":"closed","ping_status":"closed","template":"","meta":{"_acf_changed":false,"footnotes":""},"class_list":["post-7432","page","type-page","status-publish","hentry"],"acf":[],"_links":{"self":[{"href":"http:\/\/develop.teammuenchen.de\/en\/wp-json\/wp\/v2\/pages\/7432","targetHints":{"allow":["GET"]}}],"collection":[{"href":"http:\/\/develop.teammuenchen.de\/en\/wp-json\/wp\/v2\/pages"}],"about":[{"href":"http:\/\/develop.teammuenchen.de\/en\/wp-json\/wp\/v2\/types\/page"}],"author":[{"embeddable":true,"href":"http:\/\/develop.teammuenchen.de\/en\/wp-json\/wp\/v2\/users\/25"}],"replies":[{"embeddable":true,"href":"http:\/\/develop.teammuenchen.de\/en\/wp-json\/wp\/v2\/comments?post=7432"}],"version-history":[{"count":0,"href":"http:\/\/develop.teammuenchen.de\/en\/wp-json\/wp\/v2\/pages\/7432\/revisions"}],"up":[{"embeddable":true,"href":"http:\/\/develop.teammuenchen.de\/en\/wp-json\/wp\/v2\/pages\/6787"}],"wp:attachment":[{"href":"http:\/\/develop.teammuenchen.de\/en\/wp-json\/wp\/v2\/media?parent=7432"}],"curies":[{"name":"wp","href":"https:\/\/api.w.org\/{rel}","templated":true}]}}