{"id":7644,"date":"2025-04-10T19:46:39","date_gmt":"2025-04-10T18:46:39","guid":{"rendered":"http:\/\/develop.teammuenchen.de\/?page_id=7644"},"modified":"2026-02-10T00:11:09","modified_gmt":"2026-02-09T23:11:09","slug":"consulting","status":"publish","type":"page","link":"http:\/\/develop.teammuenchen.de\/en\/verein\/beratung\/","title":{"rendered":"Advice"},"content":{"rendered":"<div class=\"wp-block-group has-link-color wp-elements-45b382c6d1e0af0f91c90fafe55748d4 has-global-padding is-layout-constrained wp-container-core-group-is-layout-e6bc9522 wp-block-group-is-layout-constrained\" style=\"padding-top:60px;padding-right:20px;padding-left:20px\">\n<div class=\"wp-block-group has-global-padding is-content-justification-left is-layout-constrained wp-container-core-group-is-layout-12dd3699 wp-block-group-is-layout-constrained\">\n<p class=\"has-contrast-2-color has-text-color has-link-color wp-elements-ffa4ba00318cd085f32ae80e7c161843\" style=\"font-style:normal;font-weight:600\">You can always count on us.<\/p>\n\n\n\n<h1 class=\"wp-block-heading block-visibility-hide-small-screen\">Advisory Offers<\/h1>\n\n\n\n<h1 class=\"wp-block-heading block-visibility-hide-large-screen block-visibility-hide-medium-screen\">Advisory<br>Offers<\/h1>\n<\/div>\n<\/div>\n\n\n\n<div style=\"height:80px\" aria-hidden=\"true\" id=\"inklusion\" class=\"wp-block-spacer\"><\/div>\n\n\n\n<div class=\"wp-block-group has-global-padding is-layout-constrained wp-container-core-group-is-layout-7a839a1e wp-block-group-is-layout-constrained\" style=\"padding-right:20px;padding-left:20px\">\n<div class=\"wp-block-group alignfull has-global-padding is-layout-constrained wp-container-core-group-is-layout-3b0f2f7d wp-block-group-is-layout-constrained\" style=\"padding-right:20px;padding-left:20px\">\n<div class=\"wp-block-group wp-elements-f95fecc0183cb40e24825a2f6156f9bf has-global-padding is-layout-constrained wp-block-group-is-layout-constrained\">\n<h2 class=\"wp-block-heading\">We stand for inclusion.<\/h2>\n\n\n\n<p>Sport thrives on diversity, fairness and community. However, many LGBTQI+ individuals still face exclusion, whether through discriminatory language or structural barriers. Our club is committed to creating an inclusive environment where everyone feels welcome and can participate equally. We believe that diversity enriches sport, strengthens communities and improves team performance.<\/p>\n\n\n\n<p>In collaboration with the EGLSF and other European queer sports clubs and institutions, supported by the European Union, we are working on the Erasmus+ project, '+PLUSS'. The project aims to promote inclusivity and combat discrimination in European amateur sport. By connecting European partners and fostering a deeper understanding of inclusion mechanisms, '+PLUSS' is helping to establish a sports culture that welcomes and supports LGBTQI+ individuals.<\/p>\n<\/div>\n\n\n\n<div class=\"wp-block-group alignfull has-base-2-background-color has-background has-global-padding is-layout-constrained wp-container-core-group-is-layout-85cac763 wp-block-group-is-layout-constrained\" style=\"padding-top:50px;padding-right:20px;padding-bottom:50px;padding-left:20px\">\n<div class=\"wp-block-group has-global-padding is-layout-constrained wp-block-group-is-layout-constrained\">\n<p class=\"has-accent-color has-text-color has-link-color wp-elements-7def3e1c8c7985a63a7324c1dfe2d12b\">We are pleased to present the project's results, which aim to make European amateur sports more inclusive for LGBTQI+ athletes.<\/p>\n\n\n\n<a class=\"gb-text-711249bc\" href=\"http:\/\/develop.teammuenchen.de\/en\/club\/consulting\/champion-of-inclusion\/\"><span class=\"gb-shape\"><!--?xml version=\"1.0\" encoding=\"UTF-8\"?-->\n<svg id=\"b\" data-name=\"Ebene 2\" xmlns=\"http:\/\/www.w3.org\/2000\/svg\" width=\"4.73\" height=\"5\" viewbox=\"0 0 4.73 5\">\n  <g id=\"c\" data-name=\"Partner Logos\">\n    <path id=\"d\" data-name=\"TM_bttn_arrow_goto\" d=\"M0,2.872v-.737h3.588L1.817.513l.507-.513,2.406,2.264v.473l-2.406,2.263-.513-.52,1.763-1.608H0Z\"><\/path>\n  <\/g>\n<\/svg><\/span><span class=\"gb-text\">To the strategy paper<\/span><\/a>\n\n\n\n<div class=\"wp-block-group is-nowrap is-layout-flex wp-container-core-group-is-layout-6c531013 wp-block-group-is-layout-flex\">\n<a class=\"gb-text-d4bea99d\" href=\"http:\/\/develop.teammuenchen.de\/wp-content\/uploads\/2025\/10\/TM_documents_PLUSS_PolicyPaper.pdf\"><span class=\"gb-text\">Download original PDF<\/span><span class=\"gb-shape\"><!--?xml version=\"1.0\" encoding=\"UTF-8\"?-->\n<svg id=\"b\" data-name=\"Ebene 2\" xmlns=\"http:\/\/www.w3.org\/2000\/svg\" width=\"12.801\" height=\"11.2\" viewbox=\"0 0 12.801 11.2\">\n  <g id=\"c\" data-name=\"Partner Logos\">\n    <path id=\"d\" data-name=\"TM_bttn_arrow_download\" d=\"M0,5.504l1.217-1.2,4.271,4.208V0h1.824v8.496l4.271-4.208,1.217,1.216-5.841,5.696h-1.119L0,5.504Z\"><\/path>\n  <\/g>\n<\/svg><\/span><\/a>\n\n\n\n<a class=\"gb-text-a7e24c9b\" href=\"http:\/\/develop.teammuenchen.de\/wp-content\/uploads\/2025\/10\/TM_documents_PLUSS_Strategiepapier.pdf\"><span class=\"gb-text\">Download German translation<\/span><span class=\"gb-shape\"><!--?xml version=\"1.0\" encoding=\"UTF-8\"?-->\n<svg id=\"b\" data-name=\"Ebene 2\" xmlns=\"http:\/\/www.w3.org\/2000\/svg\" width=\"12.801\" height=\"11.2\" viewbox=\"0 0 12.801 11.2\">\n  <g id=\"c\" data-name=\"Partner Logos\">\n    <path id=\"d\" data-name=\"TM_bttn_arrow_download\" d=\"M0,5.504l1.217-1.2,4.271,4.208V0h1.824v8.496l4.271-4.208,1.217,1.216-5.841,5.696h-1.119L0,5.504Z\"><\/path>\n  <\/g>\n<\/svg><\/span><\/a>\n<\/div>\n<\/div>\n<\/div>\n<\/div>\n\n\n\n<div style=\"height:120px\" aria-hidden=\"true\" id=\"transgender\" class=\"wp-block-spacer\"><\/div>\n\n\n\n<div class=\"wp-block-group has-border-color has-custom-grey-five-border-color has-global-padding is-layout-constrained wp-container-core-group-is-layout-fbf742bb wp-block-group-is-layout-constrained\" style=\"border-width:2px;border-radius:8px;padding-top:30px;padding-right:30px;padding-bottom:30px;padding-left:30px\">\n<div class=\"wp-block-group has-global-padding is-layout-constrained wp-block-group-is-layout-constrained\">\n<h2 class=\"wp-block-heading\">A team for all genders<\/h2>\n\n\n\n<p>Trans* people often face obstacles in sport - from invisibility and discrimination to a lack of recognition of their identity. At the same time, there are many positive examples of how inclusion and the visibility of trans* athletes enrich teams and clubs. For us, it's the person that counts - not the gender.<\/p>\n\n\n\n<p>In our club, respectful coexistence is paramount. Everyone should have the freedom to experience sport in a way that suits their identity. Respect, tolerance, and mutual support lie at the heart of our club life.<\/p>\n<\/div>\n\n\n\n<div class=\"wp-block-group has-global-padding is-layout-constrained wp-block-group-is-layout-constrained\" style=\"border-radius:8px\">\n<h2 class=\"wp-block-heading\">Counselling and support<\/h2>\n\n\n\n<p>If you have questions about your gender identity or are looking for support, various confidential and professional services are available to help:<\/p>\n\n\n\n<div class=\"wp-block-group is-layout-grid wp-container-core-group-is-layout-68d25ca8 wp-block-group-is-layout-grid\">\n<div class=\"wp-block-group has-border-color has-link-color wp-elements-30382351039e368f50b1474cbb0630cb is-vertical is-layout-flex wp-container-core-group-is-layout-ec1f52c9 wp-block-group-is-layout-flex\" style=\"border-color:#a041d7;border-width:2px;border-radius:5px;padding-top:20px;padding-right:20px;padding-bottom:20px;padding-left:20px\">\n<div class=\"wp-block-group is-vertical is-layout-flex wp-container-core-group-is-layout-5f9f5280 wp-block-group-is-layout-flex\">\n<h3 class=\"wp-block-heading has-medium-font-size\" style=\"font-style:normal;font-weight:600\">FTM transgender questions<\/h3>\n\n\n\n<div style=\"height:0px\" aria-hidden=\"true\" class=\"wp-block-spacer wp-container-content-62aae154\"><\/div>\n\n\n\n<p class=\"has-link-color wp-elements-525c3bb2ac183406faef372ef4e97b80\"><a href=\"https:\/\/transmann.de\/angebot\/regionalgruppen\/muenchen\/\" target=\"_blank\" rel=\"noreferrer noopener\">TransMann e.V.<\/a><\/p>\n\n\n\n<p class=\"has-custom-purple-mittel-color has-text-color\">Contact persons Henrik, Jonas and Christian <\/p>\n\n\n\n<div style=\"height:0px\" aria-hidden=\"true\" class=\"wp-block-spacer wp-container-content-62aae154\"><\/div>\n\n\n\n<p><a href=\"mailto:info@transmann.de\" target=\"_blank\" rel=\"noreferrer noopener\">info@transmann.de<\/a><\/p>\n\n\n\n<p><a href=\"mailto:muenchen@transmann.de\" target=\"_blank\" rel=\"noreferrer noopener\">muenchen@transmann.de<\/a><\/p>\n<\/div>\n\n\n\n<div class=\"wp-block-group is-vertical is-layout-flex wp-container-core-group-is-layout-fe9cc265 wp-block-group-is-layout-flex\">\n<div style=\"height:0px\" aria-hidden=\"true\" class=\"wp-block-spacer wp-container-content-16d1eb73\"><\/div>\n\n\n\n<figure class=\"wp-block-image aligncenter size-full is-resized\"><a href=\"https:\/\/transmann.de\/angebot\/regionalgruppen\/muenchen\/\" target=\"_blank\" rel=\" noreferrer noopener\"><img loading=\"lazy\" decoding=\"async\" width=\"480\" height=\"85\" src=\"http:\/\/develop.teammuenchen.de\/wp-content\/uploads\/2025\/11\/TM_partner_logo_TM_RGB.png\" alt=\"\" class=\"wp-image-11854\" style=\"object-fit:contain;width:200px;height:35px\" srcset=\"http:\/\/develop.teammuenchen.de\/wp-content\/uploads\/2025\/11\/TM_partner_logo_TM_RGB.png 480w, http:\/\/develop.teammuenchen.de\/wp-content\/uploads\/2025\/11\/TM_partner_logo_TM_RGB-300x53.png 300w, http:\/\/develop.teammuenchen.de\/wp-content\/uploads\/2025\/11\/TM_partner_logo_TM_RGB-18x3.png 18w\" sizes=\"auto, (max-width: 480px) 100vw, 480px\" \/><\/a><\/figure>\n<\/div>\n<\/div>\n\n\n\n<div class=\"wp-block-group has-border-color has-link-color wp-elements-b131bfd48068d5d54caf2998944f3623 is-vertical is-layout-flex wp-container-core-group-is-layout-ec1f52c9 wp-block-group-is-layout-flex\" style=\"border-color:#a041d7;border-width:2px;border-radius:5px;padding-top:20px;padding-right:20px;padding-bottom:20px;padding-left:20px\">\n<div class=\"wp-block-group is-vertical is-layout-flex wp-container-core-group-is-layout-4b827052 wp-block-group-is-layout-flex\">\n<h3 class=\"wp-block-heading has-medium-font-size\" style=\"font-style:normal;font-weight:600\">MTF transgender questions<\/h3>\n\n\n\n<div style=\"height:0px\" aria-hidden=\"true\" class=\"wp-block-spacer wp-container-content-62aae154\"><\/div>\n\n\n\n<div class=\"wp-block-group is-vertical is-layout-flex wp-container-core-group-is-layout-a3b65dd2 wp-block-group-is-layout-flex\">\n<p class=\"has-link-color wp-elements-63e07a0e80641cc01ddadcfbcefa3081\"><a href=\"https:\/\/www.vivats.de\/\" target=\"_blank\" data-type=\"link\" data-id=\"https:\/\/www.vivats.de\/\" rel=\"noreferrer noopener\">VIVA TS e.V.<\/a><\/p>\n\n\n\n<p class=\"has-custom-purple-mittel-color has-text-color has-link-color wp-elements-f5008a7b5b8c5196a83d3e3efa312291\">Contact person Rebecca<\/p>\n<\/div>\n\n\n\n<div style=\"height:0px\" aria-hidden=\"true\" class=\"wp-block-spacer wp-container-content-16d1eb73\"><\/div>\n\n\n\n<div style=\"height:0px\" aria-hidden=\"true\" class=\"wp-block-spacer wp-container-content-c42f3963 block-visibility-hide-small-screen\"><\/div>\n\n\n\n<p><a href=\"mailto:hotline@vivats.de\" target=\"_blank\" rel=\"noreferrer noopener\">hotline@vivats.de<\/a><\/p>\n<\/div>\n\n\n\n<div class=\"wp-block-group is-vertical is-layout-flex wp-container-core-group-is-layout-4b827052 wp-block-group-is-layout-flex\">\n<div style=\"height:0px\" aria-hidden=\"true\" class=\"wp-block-spacer wp-container-content-62aae154\"><\/div>\n\n\n\n<figure class=\"wp-block-image aligncenter size-full is-resized\"><a href=\"https:\/\/www.vivats.de\/\" target=\"_blank\" rel=\" noreferrer noopener\"><img decoding=\"async\" src=\"http:\/\/develop.teammuenchen.de\/wp-content\/uploads\/2025\/11\/TM_partner_logo_VTS_RGB.svg\" alt=\"\" class=\"wp-image-11851\" style=\"object-fit:contain;width:200px;height:42px\"\/><\/a><\/figure>\n<\/div>\n<\/div>\n<\/div>\n<\/div>\n\n\n\n<div class=\"wp-block-group is-vertical is-content-justification-center is-layout-flex wp-container-core-group-is-layout-ce155fab wp-block-group-is-layout-flex\">\n<p class=\"has-text-align-center has-base-color has-custom-rainbow-purple-1-background-color has-text-color has-background\" style=\"border-radius:8px;padding-top:10px;padding-right:20px;padding-bottom:10px;padding-left:20px;font-style:normal;font-weight:600\">It takes courage to follow your own path \u2013 but you are not alone.<br>We support everyone on this journey.<\/p>\n<\/div>\n\n\n\n<div class=\"wp-block-group has-global-padding is-layout-constrained wp-block-group-is-layout-constrained\">\n<h2 class=\"wp-block-heading\">Your place with us<\/h2>\n\n\n\n<p>At our club, sport brings people together, diversity is celebrated, and everyone is welcome. We welcome anyone who wants to get involved and become part of our community.<\/p>\n<\/div>\n<\/div>\n\n\n\n<div style=\"height:120px\" aria-hidden=\"true\" id=\"prevention\" class=\"wp-block-spacer\"><\/div>\n\n\n\n<div class=\"wp-block-group has-base-2-background-color has-background has-link-color wp-elements-cda507e311e7793ccaf70a1e080fc53b has-global-padding is-layout-constrained wp-container-core-group-is-layout-f8b614f4 wp-block-group-is-layout-constrained\" style=\"border-radius:8px;padding-top:30px;padding-right:30px;padding-bottom:30px;padding-left:30px\">\n<div class=\"wp-block-group has-global-padding is-layout-constrained wp-block-group-is-layout-constrained\">\n<h2 class=\"wp-block-heading\">Protection and prevention against sexual violence.<\/h2>\n\n\n\n<div class=\"wp-block-columns is-layout-flex wp-container-core-columns-is-layout-927ad929 wp-block-columns-is-layout-flex\">\n<div class=\"wp-block-column is-layout-flow wp-block-column-is-layout-flow\">\n<p>We stand for creating a safe space for everyone. At Team Munich, we want everyone to feel safe, respected and welcome. We look out for each other, treat each other with respect, and establish clear boundaries.<\/p>\n\n\n\n<p>Sexual violence and any form of harassment are not tolerated in our club, whether in training, at events or outside of sport.<\/p>\n<\/div>\n\n\n\n<div class=\"wp-block-column is-vertically-aligned-center is-layout-flow wp-block-column-is-layout-flow\" style=\"flex-basis:300px\">\n<div class=\"wp-block-group has-base-color has-accent-background-color has-text-color has-background has-boldonse-font-family has-medium-font-size has-global-padding is-layout-constrained wp-container-core-group-is-layout-be0361b2 wp-block-group-is-layout-constrained\" style=\"border-radius:8px;padding-top:20px;padding-right:20px;padding-bottom:20px;padding-left:20px;line-height:2\">\n<p class=\"has-text-align-center\">We as Team Munich do not tolerate any form of sexual harassment and assault!<\/p>\n<\/div>\n<\/div>\n<\/div>\n\n\n\n<p>We recognise that this is a sensitive issue, and that those affected need a great deal of courage to speak out. Studies show that many athletes in Europe have already experienced boundary violations. This is precisely why it is important for us to pay attention, speak openly, and take responsibility together.<\/p>\n\n\n\n<p>Team Munich is actively committed to prevention and education. We promote an open culture of dialogue, taking everyone seriously, and we create structures that enable protection and trust.<\/p>\n<\/div>\n\n\n\n<div class=\"wp-block-group has-global-padding is-layout-constrained wp-block-group-is-layout-constrained\">\n<h2 class=\"wp-block-heading\">If you need support<\/h2>\n\n\n\n<p>If you have experienced something at Team Munich that made you feel uncomfortable, know that you are not alone. You can contact a member of the board in confidence at any time \u2013 simply choose the person you trust the most. Your account will be taken seriously and treated with respect.<\/p>\n\n\n\n<p>If you would prefer to speak to an independent, external body, you can contact the following people (you can remain anonymous if you wish):<\/p>\n\n\n\n<div class=\"wp-block-group is-layout-grid wp-container-core-group-is-layout-e94d07a2 wp-block-group-is-layout-grid\">\n<div class=\"wp-block-group has-border-color has-link-color wp-elements-a27151ef0d2bb2dbe1447f85372f9ff9 is-vertical is-layout-flex wp-container-core-group-is-layout-ec1f52c9 wp-block-group-is-layout-flex\" style=\"border-color:#a041d7;border-width:2px;border-radius:5px;padding-top:20px;padding-right:20px;padding-bottom:20px;padding-left:20px\">\n<div class=\"wp-block-group is-vertical is-layout-flex wp-container-core-group-is-layout-4b827052 wp-block-group-is-layout-flex\">\n<h3 class=\"wp-block-heading has-accent-color has-text-color has-link-color wp-elements-4a222d456cbd875e10ac4d2eb5ad5d7e\"><a href=\"https:\/\/strong-community.de\/\" target=\"_blank\" rel=\"noreferrer noopener\">Strong!<\/a><\/h3>\n\n\n\n<p>Advice hotline, specialist centre, reporting centre<\/p>\n\n\n\n<div style=\"height:0px\" aria-hidden=\"true\" class=\"wp-block-spacer wp-container-content-16d1eb73\"><\/div>\n\n\n\n<div style=\"height:0px\" aria-hidden=\"true\" class=\"wp-block-spacer wp-container-content-c42f3963 block-visibility-hide-small-screen\"><\/div>\n\n\n\n<p><a href=\"tel:+498000011203\" data-type=\"tel\" data-id=\"tel:+498000011203\">+49 800 00 112 03<\/a><\/p>\n\n\n\n<div style=\"height:0px\" aria-hidden=\"true\" class=\"wp-block-spacer wp-container-content-b0b89ccb\"><\/div>\n\n\n\n<p><a href=\"mailto:kontakt@strong-community.de\" target=\"_blank\" rel=\"noreferrer noopener\">kontakt@strong-community.de<\/a><\/p>\n<\/div>\n\n\n\n<div class=\"wp-block-group is-vertical is-content-justification-left is-layout-flex wp-container-core-group-is-layout-dd225191 wp-block-group-is-layout-flex\">\n<div style=\"height:0px\" aria-hidden=\"true\" class=\"wp-block-spacer wp-container-content-95942140\"><\/div>\n\n\n\n<figure class=\"wp-block-image aligncenter size-full is-resized\"><a href=\"https:\/\/strong-community.de\/\" target=\"_blank\" rel=\" noreferrer noopener\"><img loading=\"lazy\" decoding=\"async\" width=\"720\" height=\"166\" src=\"http:\/\/develop.teammuenchen.de\/wp-content\/uploads\/2025\/11\/TM_partner_logo_Strong_RGB.png\" alt=\"\" class=\"wp-image-11852\" style=\"object-fit:contain;width:175px;height:40px\" srcset=\"http:\/\/develop.teammuenchen.de\/wp-content\/uploads\/2025\/11\/TM_partner_logo_Strong_RGB.png 720w, http:\/\/develop.teammuenchen.de\/wp-content\/uploads\/2025\/11\/TM_partner_logo_Strong_RGB-300x69.png 300w, http:\/\/develop.teammuenchen.de\/wp-content\/uploads\/2025\/11\/TM_partner_logo_Strong_RGB-18x4.png 18w\" sizes=\"auto, (max-width: 720px) 100vw, 720px\" \/><\/a><\/figure>\n<\/div>\n<\/div>\n\n\n\n<div class=\"wp-block-group has-border-color has-link-color wp-elements-0cf9c91efc1945de0e4a4089d1f1f57e is-vertical is-layout-flex wp-container-core-group-is-layout-ec1f52c9 wp-block-group-is-layout-flex\" style=\"border-color:#a041d7;border-width:2px;border-radius:5px;padding-top:20px;padding-right:20px;padding-bottom:20px;padding-left:20px\">\n<div class=\"wp-block-group is-vertical is-layout-flex wp-container-core-group-is-layout-5f9f5280 wp-block-group-is-layout-flex\">\n<h3 class=\"wp-block-heading has-link-color wp-elements-f03c2f859d0f33c322b6838c8e3eae87\"><a href=\"https:\/\/www.lescommunity.de\/\" target=\"_blank\" rel=\"noreferrer noopener\">LesCommunity e. V.<\/a><\/h3>\n\n\n\n<p>Encounter. Counselling. Empowerment.<\/p>\n\n\n\n<div style=\"height:0px\" aria-hidden=\"true\" class=\"wp-block-spacer wp-container-content-16d1eb73\"><\/div>\n\n\n\n<div style=\"height:0px\" aria-hidden=\"true\" class=\"wp-block-spacer wp-container-content-c42f3963 block-visibility-hide-small-screen\"><\/div>\n\n\n\n<p><a href=\"tel:+49897254272\">+49 89 7254272<\/a><\/p>\n\n\n\n<div style=\"height:0px\" aria-hidden=\"true\" class=\"wp-block-spacer wp-container-content-b0b89ccb\"><\/div>\n\n\n\n<p><a href=\"mailto:info@lescommunity.de\" target=\"_blank\" rel=\"noreferrer noopener\">info@lescommunity.de<\/a><\/p>\n<\/div>\n\n\n\n<div class=\"wp-block-group is-vertical is-layout-flex wp-container-core-group-is-layout-fe9cc265 wp-block-group-is-layout-flex\">\n<div style=\"height:0px\" aria-hidden=\"true\" class=\"wp-block-spacer wp-container-content-95942140\"><\/div>\n\n\n\n<figure class=\"wp-block-image aligncenter size-full is-resized\"><img decoding=\"async\" src=\"http:\/\/develop.teammuenchen.de\/wp-content\/uploads\/2025\/05\/TM_partner_logo_LesCommunity_RGB.svg\" alt=\"LesCommunity logo.\" class=\"wp-image-8566\" style=\"object-fit:contain;width:150px;height:72px\"\/><\/figure>\n<\/div>\n<\/div>\n\n\n\n<div class=\"wp-block-group has-border-color has-link-color wp-elements-118c71b16fd07ba0a331ac9fa980bda5 is-vertical is-layout-flex wp-container-core-group-is-layout-ec1f52c9 wp-block-group-is-layout-flex\" style=\"border-color:#a041d7;border-width:2px;border-radius:5px;padding-top:20px;padding-right:20px;padding-bottom:20px;padding-left:20px\">\n<div class=\"wp-block-group is-vertical is-layout-flex wp-container-core-group-is-layout-4b827052 wp-block-group-is-layout-flex\">\n<h3 class=\"wp-block-heading has-link-color wp-elements-0eadb5df0985c942c8939a83d2670ca8\"><a href=\"https:\/\/trans-inter-beratungsstelle.de\/\" target=\"_blank\" rel=\"noreferrer noopener\">Trans*Inter* Counselling Centre<\/a><\/h3>\n\n\n\n<p>A project of the Munich AIDS service organisation<\/p>\n\n\n\n<div style=\"height:0px\" aria-hidden=\"true\" class=\"wp-block-spacer wp-container-content-16d1eb73\"><\/div>\n\n\n\n<p><a href=\"tel:+498954333130\">+49 89 54333130<\/a><\/p>\n\n\n\n<div style=\"height:0px\" aria-hidden=\"true\" class=\"wp-block-spacer wp-container-content-b0b89ccb\"><\/div>\n\n\n\n<p style=\"line-height:1.2\"><a href=\"mailto:info@trans-inter-beratungsstelle.de\" target=\"_blank\" rel=\"noreferrer noopener\">info@trans-inter-beratungsstelle.de<\/a><\/p>\n<\/div>\n\n\n\n<div class=\"wp-block-group is-vertical is-layout-flex wp-container-core-group-is-layout-fe9cc265 wp-block-group-is-layout-flex\">\n<div style=\"height:0px\" aria-hidden=\"true\" class=\"wp-block-spacer wp-container-content-95942140\"><\/div>\n\n\n\n<figure class=\"wp-block-image aligncenter size-full is-resized\"><a href=\"https:\/\/trans-inter-beratungsstelle.de\/\" target=\"_blank\" rel=\" noreferrer noopener\"><img loading=\"lazy\" decoding=\"async\" width=\"460\" height=\"136\" src=\"http:\/\/develop.teammuenchen.de\/wp-content\/uploads\/2025\/11\/TM_partner_logo_TIB_RGB.png\" alt=\"\" class=\"wp-image-11853\" style=\"object-fit:contain;width:170px;height:50px\" srcset=\"http:\/\/develop.teammuenchen.de\/wp-content\/uploads\/2025\/11\/TM_partner_logo_TIB_RGB.png 460w, http:\/\/develop.teammuenchen.de\/wp-content\/uploads\/2025\/11\/TM_partner_logo_TIB_RGB-300x89.png 300w, http:\/\/develop.teammuenchen.de\/wp-content\/uploads\/2025\/11\/TM_partner_logo_TIB_RGB-18x5.png 18w\" sizes=\"auto, (max-width: 460px) 100vw, 460px\" \/><\/a><\/figure>\n<\/div>\n<\/div>\n<\/div>\n<\/div>\n\n\n\n<div class=\"wp-block-group has-global-padding is-layout-constrained wp-block-group-is-layout-constrained\">\n<h2 class=\"wp-block-heading\"><strong>Taking responsibility together<\/strong><\/h2>\n\n\n\n<p>Respect, trust and mutual consideration form the basis of our interactions. We all play a part in ensuring that Team Munich remains a place where everyone feels safe, seen and welcome. True team spirit also means being there for each other, both in sport and beyond.<\/p>\n\n\n\n<div class=\"wp-block-group has-boldonse-font-family has-medium-font-size is-vertical is-content-justification-center is-layout-flex wp-container-core-group-is-layout-ce155fab wp-block-group-is-layout-flex\" style=\"line-height:2\">\n<p class=\"has-text-align-center has-base-color has-custom-rainbow-purple-1-background-color has-text-color has-background has-link-color wp-elements-e4ab3d418cabd112e0d7d8e377fb9b2e\" style=\"border-radius:5px;padding-top:10px;padding-right:20px;padding-bottom:10px;padding-left:20px\">Sexual assault will not be tolerated by Team Munich!<\/p>\n<\/div>\n<\/div>\n<\/div>\n<\/div>\n\n\n\n<p><\/p>","protected":false},"excerpt":{"rendered":"<p>Auf uns kannst du dich jederzeit verlassen. Beratungsangebote Beratungs-angebote Wir stehen f\u00fcr Inklusion Sport lebt von Vielfalt, Fairness und Gemeinschaft. Trotzdem erfahren noch immer viele LGBTQI+-Personen Ausgrenzung \u2013 sei es durch diskriminierende Sprache oder strukturelle H\u00fcrden. In unserem Verein setzen wir uns daf\u00fcr ein, ein Umfeld zu schaffen, in dem sich jede:r willkommen f\u00fchlt und [&hellip;]<\/p>\n","protected":false},"author":25,"featured_media":0,"parent":6787,"menu_order":1,"comment_status":"closed","ping_status":"closed","template":"","meta":{"_acf_changed":false,"footnotes":""},"class_list":["post-7644","page","type-page","status-publish","hentry"],"acf":[],"_links":{"self":[{"href":"http:\/\/develop.teammuenchen.de\/en\/wp-json\/wp\/v2\/pages\/7644","targetHints":{"allow":["GET"]}}],"collection":[{"href":"http:\/\/develop.teammuenchen.de\/en\/wp-json\/wp\/v2\/pages"}],"about":[{"href":"http:\/\/develop.teammuenchen.de\/en\/wp-json\/wp\/v2\/types\/page"}],"author":[{"embeddable":true,"href":"http:\/\/develop.teammuenchen.de\/en\/wp-json\/wp\/v2\/users\/25"}],"replies":[{"embeddable":true,"href":"http:\/\/develop.teammuenchen.de\/en\/wp-json\/wp\/v2\/comments?post=7644"}],"version-history":[{"count":0,"href":"http:\/\/develop.teammuenchen.de\/en\/wp-json\/wp\/v2\/pages\/7644\/revisions"}],"up":[{"embeddable":true,"href":"http:\/\/develop.teammuenchen.de\/en\/wp-json\/wp\/v2\/pages\/6787"}],"wp:attachment":[{"href":"http:\/\/develop.teammuenchen.de\/en\/wp-json\/wp\/v2\/media?parent=7644"}],"curies":[{"name":"wp","href":"https:\/\/api.w.org\/{rel}","templated":true}]}}